{"id":16827,"date":"2025-07-14T11:22:37","date_gmt":"2025-07-14T09:22:37","guid":{"rendered":"https:\/\/hamma-uwt.de\/produkt\/oddelovac-systemu\/"},"modified":"2025-07-14T11:22:37","modified_gmt":"2025-07-14T09:22:37","slug":"oddelovac-systemu","status":"publish","type":"product","link":"https:\/\/hamma-uwt.de\/sk\/produkt\/oddelovac-systemu\/","title":{"rendered":"Odde\u013eova\u010d syst\u00e9mu"},"content":{"rendered":"<p>Chr\u00e1\u0148te pitn\u00fa vodu pred kontamin\u00e1ciou pomocou<br \/>\nchladiaceho maziva. Mie\u0161acie zariadenia a hadice<br \/>\npredstavuj\u00fa najm\u00e4 vo firm\u00e1ch bezprostredn\u00e9 riziko. Pod\u013ea<br \/>\n<strong>vyhl\u00e1\u0161ky o pitnej vode<\/strong> DIN EN 1717 je ka\u017ed\u00fd podnik povinn\u00fd<br \/>\ndostato\u010dne chr\u00e1ni\u0165 svoj syst\u00e9m pitnej vody pred kontamin\u00e1ciou<br \/>\n.  <\/p>\n<p>S t\u00fdmto syst\u00e9mov\u00fdm odde\u013eova\u010dom<br \/>\nzaru\u010dujete t\u00fato ochranu pre chladiace maziv\u00e1 a in\u00e9 chemick\u00e9<br \/>\nl\u00e1tky a\u017e do triedy nebezpe\u010dnosti 4.<\/p>\n","protected":false},"excerpt":{"rendered":"<p>Na dodato\u010dn\u00fa mont\u00e1\u017e a zabezpe\u010denie vodovodn\u00e9ho koh\u00fatika.<\/p>\n","protected":false},"featured_media":3885,"comment_status":"closed","ping_status":"closed","template":"","meta":{"_acf_changed":false},"product_brand":[],"product_cat":[892],"product_tag":[],"class_list":{"0":"post-16827","1":"product","2":"type-product","3":"status-publish","4":"has-post-thumbnail","6":"product_cat-prislusenstvo-misceo","8":"first","9":"instock","10":"purchasable","11":"product-type-variable"},"acf":[],"_links":{"self":[{"href":"https:\/\/hamma-uwt.de\/sk\/wp-json\/wp\/v2\/product\/16827","targetHints":{"allow":["GET"]}}],"collection":[{"href":"https:\/\/hamma-uwt.de\/sk\/wp-json\/wp\/v2\/product"}],"about":[{"href":"https:\/\/hamma-uwt.de\/sk\/wp-json\/wp\/v2\/types\/product"}],"replies":[{"embeddable":true,"href":"https:\/\/hamma-uwt.de\/sk\/wp-json\/wp\/v2\/comments?post=16827"}],"wp:featuredmedia":[{"embeddable":true,"href":"https:\/\/hamma-uwt.de\/sk\/wp-json\/wp\/v2\/media\/3885"}],"wp:attachment":[{"href":"https:\/\/hamma-uwt.de\/sk\/wp-json\/wp\/v2\/media?parent=16827"}],"wp:term":[{"taxonomy":"product_brand","embeddable":true,"href":"https:\/\/hamma-uwt.de\/sk\/wp-json\/wp\/v2\/product_brand?post=16827"},{"taxonomy":"product_cat","embeddable":true,"href":"https:\/\/hamma-uwt.de\/sk\/wp-json\/wp\/v2\/product_cat?post=16827"},{"taxonomy":"product_tag","embeddable":true,"href":"https:\/\/hamma-uwt.de\/sk\/wp-json\/wp\/v2\/product_tag?post=16827"}],"curies":[{"name":"wp","href":"https:\/\/api.w.org\/{rel}","templated":true}]}}