{"id":17940,"date":"2025-07-14T12:06:39","date_gmt":"2025-07-14T10:06:39","guid":{"rendered":"https:\/\/hamma-uwt.de\/produkt\/saci-plavak-as-100\/"},"modified":"2025-07-14T12:06:39","modified_gmt":"2025-07-14T10:06:39","slug":"saci-plavak-as-100","status":"publish","type":"product","link":"https:\/\/hamma-uwt.de\/sk\/produkt\/saci-plavak-as-100\/","title":{"rendered":"Sac\u00ed plav\u00e1k AS 100"},"content":{"rendered":"<p>AS 100 je v\u00e1\u0161 \u00fa\u010dinn\u00fd sac\u00ed plav\u00e1k, ktor\u00fd sa automaticky prisp\u00f4sobuje \u00farovni naplnenia stroja.<\/p>\n","protected":false},"excerpt":{"rendered":"<p>Pre povrchov\u00e9 oleje a ve\u013ek\u00e9 n\u00e1doby<\/p>\n","protected":false},"featured_media":1002,"comment_status":"closed","ping_status":"closed","template":"","meta":{"_acf_changed":false},"product_brand":[],"product_cat":[1809],"product_tag":[],"class_list":{"0":"post-17940","1":"product","2":"type-product","3":"status-publish","4":"has-post-thumbnail","6":"product_cat-prislusenstvo-clean-tower","8":"first","9":"instock","10":"purchasable","11":"product-type-simple"},"acf":[],"_links":{"self":[{"href":"https:\/\/hamma-uwt.de\/sk\/wp-json\/wp\/v2\/product\/17940","targetHints":{"allow":["GET"]}}],"collection":[{"href":"https:\/\/hamma-uwt.de\/sk\/wp-json\/wp\/v2\/product"}],"about":[{"href":"https:\/\/hamma-uwt.de\/sk\/wp-json\/wp\/v2\/types\/product"}],"replies":[{"embeddable":true,"href":"https:\/\/hamma-uwt.de\/sk\/wp-json\/wp\/v2\/comments?post=17940"}],"wp:featuredmedia":[{"embeddable":true,"href":"https:\/\/hamma-uwt.de\/sk\/wp-json\/wp\/v2\/media\/1002"}],"wp:attachment":[{"href":"https:\/\/hamma-uwt.de\/sk\/wp-json\/wp\/v2\/media?parent=17940"}],"wp:term":[{"taxonomy":"product_brand","embeddable":true,"href":"https:\/\/hamma-uwt.de\/sk\/wp-json\/wp\/v2\/product_brand?post=17940"},{"taxonomy":"product_cat","embeddable":true,"href":"https:\/\/hamma-uwt.de\/sk\/wp-json\/wp\/v2\/product_cat?post=17940"},{"taxonomy":"product_tag","embeddable":true,"href":"https:\/\/hamma-uwt.de\/sk\/wp-json\/wp\/v2\/product_tag?post=17940"}],"curies":[{"name":"wp","href":"https:\/\/api.w.org\/{rel}","templated":true}]}}