{"id":18372,"date":"2025-07-14T12:06:39","date_gmt":"2025-07-14T10:06:39","guid":{"rendered":"https:\/\/hamma-uwt.de\/produkt\/kluc-s-priveskom\/"},"modified":"2025-07-14T12:06:39","modified_gmt":"2025-07-14T10:06:39","slug":"kluc-s-priveskom","status":"publish","type":"product","link":"https:\/\/hamma-uwt.de\/sk\/produkt\/kluc-s-priveskom\/","title":{"rendered":"K\u013e\u00fa\u010d s pr\u00edveskom"},"content":{"rendered":"<p>K\u013e\u00fa\u010d (\u010d.: 901)<\/p>\n","protected":false},"excerpt":{"rendered":"<p>K\u013e\u00fa\u010d (\u010d.: 901)<\/p>\n","protected":false},"featured_media":2526,"comment_status":"closed","ping_status":"closed","template":"","meta":{"_acf_changed":false},"product_brand":[],"product_cat":[892],"product_tag":[],"class_list":{"0":"post-18372","1":"product","2":"type-product","3":"status-publish","4":"has-post-thumbnail","6":"product_cat-prislusenstvo-misceo","8":"first","9":"instock","10":"purchasable","11":"product-type-simple"},"acf":[],"_links":{"self":[{"href":"https:\/\/hamma-uwt.de\/sk\/wp-json\/wp\/v2\/product\/18372","targetHints":{"allow":["GET"]}}],"collection":[{"href":"https:\/\/hamma-uwt.de\/sk\/wp-json\/wp\/v2\/product"}],"about":[{"href":"https:\/\/hamma-uwt.de\/sk\/wp-json\/wp\/v2\/types\/product"}],"replies":[{"embeddable":true,"href":"https:\/\/hamma-uwt.de\/sk\/wp-json\/wp\/v2\/comments?post=18372"}],"wp:featuredmedia":[{"embeddable":true,"href":"https:\/\/hamma-uwt.de\/sk\/wp-json\/wp\/v2\/media\/2526"}],"wp:attachment":[{"href":"https:\/\/hamma-uwt.de\/sk\/wp-json\/wp\/v2\/media?parent=18372"}],"wp:term":[{"taxonomy":"product_brand","embeddable":true,"href":"https:\/\/hamma-uwt.de\/sk\/wp-json\/wp\/v2\/product_brand?post=18372"},{"taxonomy":"product_cat","embeddable":true,"href":"https:\/\/hamma-uwt.de\/sk\/wp-json\/wp\/v2\/product_cat?post=18372"},{"taxonomy":"product_tag","embeddable":true,"href":"https:\/\/hamma-uwt.de\/sk\/wp-json\/wp\/v2\/product_tag?post=18372"}],"curies":[{"name":"wp","href":"https:\/\/api.w.org\/{rel}","templated":true}]}}