{"id":18390,"date":"2025-07-14T12:06:39","date_gmt":"2025-07-14T10:06:39","guid":{"rendered":"https:\/\/hamma-uwt.de\/produkt\/clean-tower-150\/"},"modified":"2025-07-14T12:06:39","modified_gmt":"2025-07-14T10:06:39","slug":"clean-tower-150","status":"publish","type":"product","link":"https:\/\/hamma-uwt.de\/sk\/produkt\/clean-tower-150\/","title":{"rendered":"CLEAN-TOWER 150"},"content":{"rendered":"<p>Clean-Tower 150 v\u00e1m pon\u00faka kompletn\u00fa starostlivos\u0165 o va\u0161e chladiace mazivo. V\u010faka pou\u017eitiu flot\u00e1cie rozpusten\u00e9ho vzduchu s\u00fa za\u0161l\u00e9 oleje, suspendovan\u00e9 \u010dastice a nedostatok kysl\u00edka minulos\u0165ou. <\/p>\n<p>Mobiln\u00fd \u010distiaci syst\u00e9m nas\u00e1va zne\u010disten\u00e9 chladiace mazivo z povrchu a pren\u00e1\u0161a ho do komory reaktora. CLEAN-TOWER vyn\u00e1\u0161a cudzie oleje<br \/>\na suspendovan\u00e9 \u010dastice na povrch pomocou priveden\u00e9ho vzduchu, pren\u00e1\u0161a ich do integrovanej n\u00e1dr\u017ee na ne\u010distoty, obohacuje va\u0161e chladiace mazivo kysl\u00edkom a vracia ho do v\u00fdrobn\u00e9ho stroja. V bud\u00facnosti budete trvalo pracova\u0165 s vysoko v\u00fdkonn\u00fdm a zdrav\u00fdm chladiacim mazivom bez kompromisov!  <\/p>\n<p>&nbsp;<\/p>\n<p>Va\u0161e v\u00fdhody:<\/p>\n<ul>\n<li>Zni\u017euje prev\u00e1dzkov\u00e9 n\u00e1klady<\/li>\n<li>Pred\u013a\u017een\u00e1 \u017eivotnos\u0165 n\u00e1stroja, stroja a chladiaceho maziva<\/li>\n<li>zlep\u0161uje kvalitu v\u00fdroby<\/li>\n<li>zvy\u0161uje r\u00fdchlos\u0165 v\u00fdroby<\/li>\n<li>Zabra\u0148uje vzniku nepr\u00edjemn\u00fdch pachov<\/li>\n<li>Jasn\u00fd v\u00fdh\u013ead do stroja<\/li>\n<li>Zvy\u0161uje hygienu a spokojnos\u0165 zamestnancov<\/li>\n<\/ul>\n<p>&nbsp;<\/p>\n","protected":false},"excerpt":{"rendered":"<p>vr\u00e1tane. Potrubie\/r\u00farky a sac\u00ed plav\u00e1k AS 100<\/p>\n","protected":false},"featured_media":2049,"comment_status":"closed","ping_status":"closed","template":"","meta":{"_acf_changed":false},"product_brand":[],"product_cat":[2459],"product_tag":[],"class_list":{"0":"post-18390","1":"product","2":"type-product","3":"status-publish","4":"has-post-thumbnail","6":"product_cat-cista-veza","8":"first","9":"instock","10":"purchasable","11":"product-type-simple"},"acf":[],"_links":{"self":[{"href":"https:\/\/hamma-uwt.de\/sk\/wp-json\/wp\/v2\/product\/18390","targetHints":{"allow":["GET"]}}],"collection":[{"href":"https:\/\/hamma-uwt.de\/sk\/wp-json\/wp\/v2\/product"}],"about":[{"href":"https:\/\/hamma-uwt.de\/sk\/wp-json\/wp\/v2\/types\/product"}],"replies":[{"embeddable":true,"href":"https:\/\/hamma-uwt.de\/sk\/wp-json\/wp\/v2\/comments?post=18390"}],"wp:featuredmedia":[{"embeddable":true,"href":"https:\/\/hamma-uwt.de\/sk\/wp-json\/wp\/v2\/media\/2049"}],"wp:attachment":[{"href":"https:\/\/hamma-uwt.de\/sk\/wp-json\/wp\/v2\/media?parent=18390"}],"wp:term":[{"taxonomy":"product_brand","embeddable":true,"href":"https:\/\/hamma-uwt.de\/sk\/wp-json\/wp\/v2\/product_brand?post=18390"},{"taxonomy":"product_cat","embeddable":true,"href":"https:\/\/hamma-uwt.de\/sk\/wp-json\/wp\/v2\/product_cat?post=18390"},{"taxonomy":"product_tag","embeddable":true,"href":"https:\/\/hamma-uwt.de\/sk\/wp-json\/wp\/v2\/product_tag?post=18390"}],"curies":[{"name":"wp","href":"https:\/\/api.w.org\/{rel}","templated":true}]}}