{"id":18416,"date":"2025-07-14T12:06:39","date_gmt":"2025-07-14T10:06:39","guid":{"rendered":"https:\/\/hamma-uwt.de\/produkt\/magneticka-metla\/"},"modified":"2025-07-14T12:06:39","modified_gmt":"2025-07-14T10:06:39","slug":"magneticka-metla","status":"publish","type":"product","link":"https:\/\/hamma-uwt.de\/sk\/produkt\/magneticka-metla\/","title":{"rendered":"Magnetick\u00e1 metla"},"content":{"rendered":"<p>V\u010faka v\u00fdkonnej metle s vysokou kapacitou zberu a celkovou \u0161\u00edrkou 400 mm m\u00f4\u017eete s magnetickou metlou \u010disti\u0165 podlahov\u00e9 plochy a pracovn\u00e9 prostredie r\u00fdchlo, jednoducho a spo\u013eahlivo. V\u010faka praktickej rukov\u00e4ti m\u00e1te magnetick\u00fa metlu pevne v ruke a m\u00f4\u017eete ju bezpe\u010dne vies\u0165 k trieskam a pri\u0165ahova\u0165 ich. Potiahnut\u00edm za jazdec magnetizmus zmizne a pri\u0165ahovan\u00e9 triesky jednoducho odpadn\u00fa.<br \/>\n\u010cist\u00fd povrch podlahy zvy\u0161uje kvalitu a bezpe\u010dnos\u0165 va\u0161ej firmy a udr\u017eiava pracovn\u00e9 prostredie \u010dist\u00e9 a hygienick\u00e9.<br \/>\nMagnetick\u00e1 metla v\u00e1m tie\u017e pom\u00f4\u017ee zdvihn\u00fa\u0165 mal\u00e9 magnetick\u00e9 predmety a oddeli\u0165 magnetick\u00e9 a nemagnetick\u00e9 priemyseln\u00e9 \u010dasti.  <\/p>\n<p>Magnetick\u00fa metlu mo\u017eno pred\u013a\u017ei\u0165 z 800 mm na celkov\u00fa v\u00fd\u0161ku 1120 mm. To umo\u017e\u0148uje prisp\u00f4sobi\u0165 magnetick\u00fa metlu va\u0161im individu\u00e1lnym po\u017eiadavk\u00e1m. <\/p>\n","protected":false},"excerpt":{"rendered":"<p>s teleskopickou n\u00e1sadou, \u0161\u00edrka metly 400 mm, celkov\u00e1 v\u00fd\u0161ka max. 1120 mm <\/p>\n","protected":false},"featured_media":3795,"comment_status":"closed","ping_status":"closed","template":"","meta":{"_acf_changed":false},"product_brand":[],"product_cat":[1183,1758],"product_tag":[],"class_list":{"0":"post-18416","1":"product","2":"type-product","3":"status-publish","4":"has-post-thumbnail","6":"product_cat-chip-maxx-a-magneticka-metla","7":"product_cat-silni-pomocnici","9":"first","10":"instock","11":"purchasable","12":"product-type-simple"},"acf":[],"_links":{"self":[{"href":"https:\/\/hamma-uwt.de\/sk\/wp-json\/wp\/v2\/product\/18416","targetHints":{"allow":["GET"]}}],"collection":[{"href":"https:\/\/hamma-uwt.de\/sk\/wp-json\/wp\/v2\/product"}],"about":[{"href":"https:\/\/hamma-uwt.de\/sk\/wp-json\/wp\/v2\/types\/product"}],"replies":[{"embeddable":true,"href":"https:\/\/hamma-uwt.de\/sk\/wp-json\/wp\/v2\/comments?post=18416"}],"wp:featuredmedia":[{"embeddable":true,"href":"https:\/\/hamma-uwt.de\/sk\/wp-json\/wp\/v2\/media\/3795"}],"wp:attachment":[{"href":"https:\/\/hamma-uwt.de\/sk\/wp-json\/wp\/v2\/media?parent=18416"}],"wp:term":[{"taxonomy":"product_brand","embeddable":true,"href":"https:\/\/hamma-uwt.de\/sk\/wp-json\/wp\/v2\/product_brand?post=18416"},{"taxonomy":"product_cat","embeddable":true,"href":"https:\/\/hamma-uwt.de\/sk\/wp-json\/wp\/v2\/product_cat?post=18416"},{"taxonomy":"product_tag","embeddable":true,"href":"https:\/\/hamma-uwt.de\/sk\/wp-json\/wp\/v2\/product_tag?post=18416"}],"curies":[{"name":"wp","href":"https:\/\/api.w.org\/{rel}","templated":true}]}}