{"id":18442,"date":"2025-07-14T12:06:39","date_gmt":"2025-07-14T10:06:39","guid":{"rendered":"https:\/\/hamma-uwt.de\/produkt\/rapid-4\/"},"modified":"2025-07-14T12:06:39","modified_gmt":"2025-07-14T10:06:39","slug":"rapid-4","status":"publish","type":"product","link":"https:\/\/hamma-uwt.de\/sk\/produkt\/rapid-4\/","title":{"rendered":"RAPID 4"},"content":{"rendered":"<p>S kot\u00fa\u010dov\u00fdm odpudzova\u010dom Rapid 4 je odstra\u0148ovanie odpadov\u00e9ho oleja z chladiaceho maziva zo strojov s plochou do 2 m\u00b2 r\u00fdchle a jednoduch\u00e9. Je to flexibiln\u00e9 zariadenie pre mal\u00e9 stroje s otvoren\u00fdmi n\u00e1dr\u017eami. <\/p>\n","protected":false},"excerpt":{"rendered":"<p>Diskov\u00fd skimmer na plochy do 2 m\u00b2, vr\u00e1tane skimmerov\u00e9ho disku a upev\u0148ovacieho magnetu <\/p>\n","protected":false},"featured_media":4185,"comment_status":"closed","ping_status":"closed","template":"","meta":{"_acf_changed":false},"product_brand":[],"product_cat":[2500],"product_tag":[],"class_list":{"0":"post-18442","1":"product","2":"type-product","3":"status-publish","4":"has-post-thumbnail","6":"product_cat-rapid-4","8":"first","9":"instock","10":"purchasable","11":"product-type-simple"},"acf":[],"_links":{"self":[{"href":"https:\/\/hamma-uwt.de\/sk\/wp-json\/wp\/v2\/product\/18442","targetHints":{"allow":["GET"]}}],"collection":[{"href":"https:\/\/hamma-uwt.de\/sk\/wp-json\/wp\/v2\/product"}],"about":[{"href":"https:\/\/hamma-uwt.de\/sk\/wp-json\/wp\/v2\/types\/product"}],"replies":[{"embeddable":true,"href":"https:\/\/hamma-uwt.de\/sk\/wp-json\/wp\/v2\/comments?post=18442"}],"wp:featuredmedia":[{"embeddable":true,"href":"https:\/\/hamma-uwt.de\/sk\/wp-json\/wp\/v2\/media\/4185"}],"wp:attachment":[{"href":"https:\/\/hamma-uwt.de\/sk\/wp-json\/wp\/v2\/media?parent=18442"}],"wp:term":[{"taxonomy":"product_brand","embeddable":true,"href":"https:\/\/hamma-uwt.de\/sk\/wp-json\/wp\/v2\/product_brand?post=18442"},{"taxonomy":"product_cat","embeddable":true,"href":"https:\/\/hamma-uwt.de\/sk\/wp-json\/wp\/v2\/product_cat?post=18442"},{"taxonomy":"product_tag","embeddable":true,"href":"https:\/\/hamma-uwt.de\/sk\/wp-json\/wp\/v2\/product_tag?post=18442"}],"curies":[{"name":"wp","href":"https:\/\/api.w.org\/{rel}","templated":true}]}}