{"id":18643,"date":"2025-07-14T11:22:09","date_gmt":"2025-07-14T09:22:09","guid":{"rendered":"https:\/\/hamma-uwt.de\/produkt\/rapid-1-1\/"},"modified":"2025-07-14T11:22:09","modified_gmt":"2025-07-14T09:22:09","slug":"rapid-1-1","status":"publish","type":"product","link":"https:\/\/hamma-uwt.de\/sk\/produkt\/rapid-1-1\/","title":{"rendered":"RAPID 1.1"},"content":{"rendered":"<p>S p\u00e1sov\u00fdm odparkom Rapid 1.1 je odstra\u0148ovanie odpadov\u00e9ho oleja v chladiacom mazive zo strojov s plochou do 6 m\u00b2 r\u00fdchle a jednoduch\u00e9.<\/p>\n","protected":false},"excerpt":{"rendered":"<p>pre chladiacu kvapalinu do 40 \u00b0C, plochy do 6 m\u00b2 (bez skimmerovej p\u00e1sky)<\/p>\n","protected":false},"featured_media":4339,"comment_status":"closed","ping_status":"closed","template":"","meta":{"_acf_changed":false},"product_brand":[],"product_cat":[1088],"product_tag":[],"class_list":{"0":"post-18643","1":"product","2":"type-product","3":"status-publish","4":"has-post-thumbnail","6":"product_cat-rapid-1-1","8":"first","9":"instock","10":"purchasable","11":"product-type-variable"},"acf":[],"_links":{"self":[{"href":"https:\/\/hamma-uwt.de\/sk\/wp-json\/wp\/v2\/product\/18643","targetHints":{"allow":["GET"]}}],"collection":[{"href":"https:\/\/hamma-uwt.de\/sk\/wp-json\/wp\/v2\/product"}],"about":[{"href":"https:\/\/hamma-uwt.de\/sk\/wp-json\/wp\/v2\/types\/product"}],"replies":[{"embeddable":true,"href":"https:\/\/hamma-uwt.de\/sk\/wp-json\/wp\/v2\/comments?post=18643"}],"wp:featuredmedia":[{"embeddable":true,"href":"https:\/\/hamma-uwt.de\/sk\/wp-json\/wp\/v2\/media\/4339"}],"wp:attachment":[{"href":"https:\/\/hamma-uwt.de\/sk\/wp-json\/wp\/v2\/media?parent=18643"}],"wp:term":[{"taxonomy":"product_brand","embeddable":true,"href":"https:\/\/hamma-uwt.de\/sk\/wp-json\/wp\/v2\/product_brand?post=18643"},{"taxonomy":"product_cat","embeddable":true,"href":"https:\/\/hamma-uwt.de\/sk\/wp-json\/wp\/v2\/product_cat?post=18643"},{"taxonomy":"product_tag","embeddable":true,"href":"https:\/\/hamma-uwt.de\/sk\/wp-json\/wp\/v2\/product_tag?post=18643"}],"curies":[{"name":"wp","href":"https:\/\/api.w.org\/{rel}","templated":true}]}}