{"id":18688,"date":"2025-07-14T11:22:12","date_gmt":"2025-07-14T09:22:12","guid":{"rendered":"https:\/\/hamma-uwt.de\/produkt\/nahradna-skimmerova-paska-5\/"},"modified":"2026-04-02T08:39:46","modified_gmt":"2026-04-02T06:39:46","slug":"nahradna-skimmerova-paska-5","status":"publish","type":"product","link":"https:\/\/hamma-uwt.de\/sk\/produkt\/nahradna-skimmerova-paska-5\/","title":{"rendered":"N\u00e1hradn\u00e1 skimmerov\u00e1 p\u00e1ska 5"},"content":{"rendered":"","protected":false},"excerpt":{"rendered":"<p>pre chladiace maziv\u00e1 do 40 \u00b0C, pH 7 - 11, pr\u00edslu\u0161enstvo RAPID 5<\/p>\n","protected":false},"featured_media":18593,"comment_status":"closed","ping_status":"closed","template":"","meta":{"_acf_changed":false},"product_brand":[],"product_cat":[1129],"product_tag":[],"class_list":{"0":"post-18688","1":"product","2":"type-product","3":"status-publish","4":"has-post-thumbnail","6":"product_cat-prislusenstvo-rapid-5","8":"first","9":"instock","10":"purchasable","11":"product-type-variable"},"acf":[],"_links":{"self":[{"href":"https:\/\/hamma-uwt.de\/sk\/wp-json\/wp\/v2\/product\/18688","targetHints":{"allow":["GET"]}}],"collection":[{"href":"https:\/\/hamma-uwt.de\/sk\/wp-json\/wp\/v2\/product"}],"about":[{"href":"https:\/\/hamma-uwt.de\/sk\/wp-json\/wp\/v2\/types\/product"}],"replies":[{"embeddable":true,"href":"https:\/\/hamma-uwt.de\/sk\/wp-json\/wp\/v2\/comments?post=18688"}],"wp:featuredmedia":[{"embeddable":true,"href":"https:\/\/hamma-uwt.de\/sk\/wp-json\/wp\/v2\/media\/18593"}],"wp:attachment":[{"href":"https:\/\/hamma-uwt.de\/sk\/wp-json\/wp\/v2\/media?parent=18688"}],"wp:term":[{"taxonomy":"product_brand","embeddable":true,"href":"https:\/\/hamma-uwt.de\/sk\/wp-json\/wp\/v2\/product_brand?post=18688"},{"taxonomy":"product_cat","embeddable":true,"href":"https:\/\/hamma-uwt.de\/sk\/wp-json\/wp\/v2\/product_cat?post=18688"},{"taxonomy":"product_tag","embeddable":true,"href":"https:\/\/hamma-uwt.de\/sk\/wp-json\/wp\/v2\/product_tag?post=18688"}],"curies":[{"name":"wp","href":"https:\/\/api.w.org\/{rel}","templated":true}]}}