{"id":18710,"date":"2025-07-14T11:22:12","date_gmt":"2025-07-14T09:22:12","guid":{"rendered":"https:\/\/hamma-uwt.de\/produkt\/rapid-5\/"},"modified":"2025-07-14T11:22:12","modified_gmt":"2025-07-14T09:22:12","slug":"rapid-5","status":"publish","type":"product","link":"https:\/\/hamma-uwt.de\/sk\/produkt\/rapid-5\/","title":{"rendered":"RAPID 5"},"content":{"rendered":"<p>Rapid 5 je p\u00e1sov\u00fd odpopol\u0148ova\u010d s nastavite\u013en\u00fdm ramenom a magnetick\u00fdm dr\u017eiakom, v\u010faka \u010domu je v\u00fdkonn\u00fd, flexibiln\u00fd a \u013eahko sa pou\u017e\u00edva aj v \u0165a\u017eko pr\u00edstupn\u00fdch n\u00e1dob\u00e1ch. Je vhodn\u00fd pre plochy do 2 m\u00b2. <\/p>\n","protected":false},"excerpt":{"rendered":"<p>P\u00e1sov\u00fd skimmer na chladenie maz\u00edv, plochy do 2 m\u00b2, vr\u00e1tane skimmerov\u00fdch p\u00e1sov <\/p>\n","protected":false},"featured_media":3811,"comment_status":"closed","ping_status":"closed","template":"","meta":{"_acf_changed":false},"product_brand":[],"product_cat":[1127],"product_tag":[],"class_list":{"0":"post-18710","1":"product","2":"type-product","3":"status-publish","4":"has-post-thumbnail","6":"product_cat-rapid-5","8":"first","9":"instock","10":"purchasable","11":"product-type-variable","12":"has-default-attributes"},"acf":[],"_links":{"self":[{"href":"https:\/\/hamma-uwt.de\/sk\/wp-json\/wp\/v2\/product\/18710","targetHints":{"allow":["GET"]}}],"collection":[{"href":"https:\/\/hamma-uwt.de\/sk\/wp-json\/wp\/v2\/product"}],"about":[{"href":"https:\/\/hamma-uwt.de\/sk\/wp-json\/wp\/v2\/types\/product"}],"replies":[{"embeddable":true,"href":"https:\/\/hamma-uwt.de\/sk\/wp-json\/wp\/v2\/comments?post=18710"}],"wp:featuredmedia":[{"embeddable":true,"href":"https:\/\/hamma-uwt.de\/sk\/wp-json\/wp\/v2\/media\/3811"}],"wp:attachment":[{"href":"https:\/\/hamma-uwt.de\/sk\/wp-json\/wp\/v2\/media?parent=18710"}],"wp:term":[{"taxonomy":"product_brand","embeddable":true,"href":"https:\/\/hamma-uwt.de\/sk\/wp-json\/wp\/v2\/product_brand?post=18710"},{"taxonomy":"product_cat","embeddable":true,"href":"https:\/\/hamma-uwt.de\/sk\/wp-json\/wp\/v2\/product_cat?post=18710"},{"taxonomy":"product_tag","embeddable":true,"href":"https:\/\/hamma-uwt.de\/sk\/wp-json\/wp\/v2\/product_tag?post=18710"}],"curies":[{"name":"wp","href":"https:\/\/api.w.org\/{rel}","templated":true}]}}