{"id":18745,"date":"2025-07-14T11:22:15","date_gmt":"2025-07-14T09:22:15","guid":{"rendered":"https:\/\/hamma-uwt.de\/produkt\/kluc-od-kanistra\/"},"modified":"2025-07-14T11:22:15","modified_gmt":"2025-07-14T09:22:15","slug":"kluc-od-kanistra","status":"publish","type":"product","link":"https:\/\/hamma-uwt.de\/sk\/produkt\/kluc-od-kanistra\/","title":{"rendered":"K\u013e\u00fa\u010d od kanistra"},"content":{"rendered":"<p>(DIN a vn\u00fatorn\u00e9 rozmery s\u00fa len orienta\u010dn\u00e9 a nie s\u00fa z\u00e1v\u00e4zn\u00e9)<\/p>\n","protected":false},"excerpt":{"rendered":"<p>Na otv\u00e1ranie najbe\u017enej\u0161\u00edch kanistrov<\/p>\n","protected":false},"featured_media":3870,"comment_status":"closed","ping_status":"closed","template":"","meta":{"_acf_changed":false},"product_brand":[],"product_cat":[1757,1758],"product_tag":[],"class_list":{"0":"post-18745","1":"product","2":"type-product","3":"status-publish","4":"has-post-thumbnail","6":"product_cat-kluc-kontajnera","7":"product_cat-silni-pomocnici","9":"first","10":"instock","11":"purchasable","12":"product-type-variable"},"acf":[],"_links":{"self":[{"href":"https:\/\/hamma-uwt.de\/sk\/wp-json\/wp\/v2\/product\/18745","targetHints":{"allow":["GET"]}}],"collection":[{"href":"https:\/\/hamma-uwt.de\/sk\/wp-json\/wp\/v2\/product"}],"about":[{"href":"https:\/\/hamma-uwt.de\/sk\/wp-json\/wp\/v2\/types\/product"}],"replies":[{"embeddable":true,"href":"https:\/\/hamma-uwt.de\/sk\/wp-json\/wp\/v2\/comments?post=18745"}],"wp:featuredmedia":[{"embeddable":true,"href":"https:\/\/hamma-uwt.de\/sk\/wp-json\/wp\/v2\/media\/3870"}],"wp:attachment":[{"href":"https:\/\/hamma-uwt.de\/sk\/wp-json\/wp\/v2\/media?parent=18745"}],"wp:term":[{"taxonomy":"product_brand","embeddable":true,"href":"https:\/\/hamma-uwt.de\/sk\/wp-json\/wp\/v2\/product_brand?post=18745"},{"taxonomy":"product_cat","embeddable":true,"href":"https:\/\/hamma-uwt.de\/sk\/wp-json\/wp\/v2\/product_cat?post=18745"},{"taxonomy":"product_tag","embeddable":true,"href":"https:\/\/hamma-uwt.de\/sk\/wp-json\/wp\/v2\/product_tag?post=18745"}],"curies":[{"name":"wp","href":"https:\/\/api.w.org\/{rel}","templated":true}]}}