{"id":18790,"date":"2025-07-14T11:22:19","date_gmt":"2025-07-14T09:22:19","guid":{"rendered":"https:\/\/hamma-uwt.de\/produkt\/ventilacna-jednotka\/"},"modified":"2025-07-14T11:22:19","modified_gmt":"2025-07-14T09:22:19","slug":"ventilacna-jednotka","status":"publish","type":"product","link":"https:\/\/hamma-uwt.de\/sk\/produkt\/ventilacna-jednotka\/","title":{"rendered":"Ventila\u010dn\u00e1 jednotka"},"content":{"rendered":"<p>Priemer ventila\u010dn\u00fdch dosiek 132 mm<\/p>\n","protected":false},"excerpt":{"rendered":"<p>Pr\u00edslu\u0161enstvo MIKRO<\/p>\n","protected":false},"featured_media":3440,"comment_status":"closed","ping_status":"closed","template":"","meta":{"_acf_changed":false},"product_brand":[],"product_cat":[938],"product_tag":[],"class_list":{"0":"post-18790","1":"product","2":"type-product","3":"status-publish","4":"has-post-thumbnail","6":"product_cat-mikroprislusenstvo","8":"first","9":"instock","10":"purchasable","11":"product-type-variable"},"acf":[],"_links":{"self":[{"href":"https:\/\/hamma-uwt.de\/sk\/wp-json\/wp\/v2\/product\/18790","targetHints":{"allow":["GET"]}}],"collection":[{"href":"https:\/\/hamma-uwt.de\/sk\/wp-json\/wp\/v2\/product"}],"about":[{"href":"https:\/\/hamma-uwt.de\/sk\/wp-json\/wp\/v2\/types\/product"}],"replies":[{"embeddable":true,"href":"https:\/\/hamma-uwt.de\/sk\/wp-json\/wp\/v2\/comments?post=18790"}],"wp:featuredmedia":[{"embeddable":true,"href":"https:\/\/hamma-uwt.de\/sk\/wp-json\/wp\/v2\/media\/3440"}],"wp:attachment":[{"href":"https:\/\/hamma-uwt.de\/sk\/wp-json\/wp\/v2\/media?parent=18790"}],"wp:term":[{"taxonomy":"product_brand","embeddable":true,"href":"https:\/\/hamma-uwt.de\/sk\/wp-json\/wp\/v2\/product_brand?post=18790"},{"taxonomy":"product_cat","embeddable":true,"href":"https:\/\/hamma-uwt.de\/sk\/wp-json\/wp\/v2\/product_cat?post=18790"},{"taxonomy":"product_tag","embeddable":true,"href":"https:\/\/hamma-uwt.de\/sk\/wp-json\/wp\/v2\/product_tag?post=18790"}],"curies":[{"name":"wp","href":"https:\/\/api.w.org\/{rel}","templated":true}]}}