{"id":18805,"date":"2025-07-14T11:22:15","date_gmt":"2025-07-14T09:22:15","guid":{"rendered":"https:\/\/hamma-uwt.de\/produkt\/kluc-ibc\/"},"modified":"2025-07-14T11:22:15","modified_gmt":"2025-07-14T09:22:15","slug":"kluc-ibc","status":"publish","type":"product","link":"https:\/\/hamma-uwt.de\/sk\/produkt\/kluc-ibc\/","title":{"rendered":"K\u013e\u00fa\u010d IBC"},"content":{"rendered":"<p>K\u013e\u00fa\u010d IBC na r\u00fdchle a jednoduch\u00e9 otv\u00e1ranie kontajnerov<\/p>\n<p>S k\u013e\u00fa\u010dom IBC m\u00f4\u017eete v\u010faka p\u00e1kov\u00e9mu mechanizmu otv\u00e1ra\u0165 a zatv\u00e1ra\u0165 kontajnery IBC v kr\u00e1tkom \u010dase a bez v\u00e4\u010d\u0161ej n\u00e1mahy. Optimalizovan\u00e1 kon\u0161trukcia z robustnej nehrdzavej\u00facej ocele zabezpe\u010duje ve\u013emi jednoduch\u00e9, pohodln\u00e9 a ergonomick\u00e9 otv\u00e1ranie va\u0161ich kontajnerov a kanistrov IBC. Oba otv\u00e1ra\u010de sa v\u010faka dobre umiestnen\u00e9mu upev\u0148ovaciemu otvoru \u013eahko skladuj\u00fa a v pr\u00edpade potreby s\u00fa op\u00e4\u0165 r\u00fdchlo po ruke.  <\/p>\n<p>Va\u0161e v\u00fdhody<\/p>\n<ul>\n<li>Jednoduch\u00e9 otv\u00e1ranie v\u010faka optimaliz\u00e1cii<\/li>\n<li>P\u00e1kov\u00fd efekt<\/li>\n<li>Vysokokvalitn\u00fd dizajn z nehrdzavej\u00facej ocele<\/li>\n<li>Robustn\u00e9 a praktick\u00e9<\/li>\n<li>Kompaktn\u00fd dizajn<\/li>\n<li>Ergonomick\u00e9<\/li>\n<\/ul>\n","protected":false},"excerpt":{"rendered":"<p>na otv\u00e1ranie kontajnerov IBC<\/p>\n","protected":false},"featured_media":3862,"comment_status":"closed","ping_status":"closed","template":"","meta":{"_acf_changed":false},"product_brand":[],"product_cat":[1757,892,1758],"product_tag":[],"class_list":{"0":"post-18805","1":"product","2":"type-product","3":"status-publish","4":"has-post-thumbnail","6":"product_cat-kluc-kontajnera","7":"product_cat-prislusenstvo-misceo","8":"product_cat-silni-pomocnici","10":"first","11":"instock","12":"purchasable","13":"product-type-variable"},"acf":[],"_links":{"self":[{"href":"https:\/\/hamma-uwt.de\/sk\/wp-json\/wp\/v2\/product\/18805","targetHints":{"allow":["GET"]}}],"collection":[{"href":"https:\/\/hamma-uwt.de\/sk\/wp-json\/wp\/v2\/product"}],"about":[{"href":"https:\/\/hamma-uwt.de\/sk\/wp-json\/wp\/v2\/types\/product"}],"replies":[{"embeddable":true,"href":"https:\/\/hamma-uwt.de\/sk\/wp-json\/wp\/v2\/comments?post=18805"}],"wp:featuredmedia":[{"embeddable":true,"href":"https:\/\/hamma-uwt.de\/sk\/wp-json\/wp\/v2\/media\/3862"}],"wp:attachment":[{"href":"https:\/\/hamma-uwt.de\/sk\/wp-json\/wp\/v2\/media?parent=18805"}],"wp:term":[{"taxonomy":"product_brand","embeddable":true,"href":"https:\/\/hamma-uwt.de\/sk\/wp-json\/wp\/v2\/product_brand?post=18805"},{"taxonomy":"product_cat","embeddable":true,"href":"https:\/\/hamma-uwt.de\/sk\/wp-json\/wp\/v2\/product_cat?post=18805"},{"taxonomy":"product_tag","embeddable":true,"href":"https:\/\/hamma-uwt.de\/sk\/wp-json\/wp\/v2\/product_tag?post=18805"}],"curies":[{"name":"wp","href":"https:\/\/api.w.org\/{rel}","templated":true}]}}