{"id":18832,"date":"2025-07-14T11:22:15","date_gmt":"2025-07-14T09:22:15","guid":{"rendered":"https:\/\/hamma-uwt.de\/produkt\/chip-maxx\/"},"modified":"2025-07-14T11:22:15","modified_gmt":"2025-07-14T09:22:15","slug":"chip-maxx","status":"publish","type":"product","link":"https:\/\/hamma-uwt.de\/sk\/produkt\/chip-maxx\/","title":{"rendered":"Chip Maxx"},"content":{"rendered":"<p>V\u010faka siln\u00e9mu magnetu, a teda ve\u013ekej kapacite zberu, m\u00f4\u017eete s Chip Maxx r\u00fdchlo, jednoducho a spo\u013eahlivo vy\u010disti\u0165 n\u00e1dr\u017e na chladiace mazivo, stroj a pracovn\u00e9 prostredie. Praktick\u00e1 rukov\u00e4\u0165 v\u00e1m poskytuje pevn\u00fd \u00fachop Sp\u00e4nemaxxu a umo\u017e\u0148uje v\u00e1m bezpe\u010dne ho vies\u0165 k trieskam a pri\u0165ahova\u0165 ich. Potiahnut\u00edm za jazdec magnetizmus zmizne a pri\u0165ahovan\u00e9 triesky jednoducho odpadn\u00fa. Vy\u010disten\u00e1 n\u00e1dr\u017eka na chladiace mazivo zachov\u00e1va najm\u00e4 kvalitu v\u00e1\u0161ho chladiaceho maziva, \u0161etr\u00ed v\u00e1m n\u00e1klady na stroj a n\u00e1radie a udr\u017eiava pracovn\u00e9 prostredie hygienick\u00e9.    Sp\u00e4nemaxx v\u00e1m tie\u017e pom\u00f4\u017ee pri vyberan\u00ed mal\u00fdch magnetick\u00fdch predmetov a pri odde\u013eovan\u00ed magnetick\u00fdch a nemagnetick\u00fdch priemyseln\u00fdch \u010dast\u00ed.<\/p>\n<p>Chip Maxx je k dispoz\u00edcii v piatich r\u00f4znych d\u013a\u017ekach, tak\u017ee v\u017edy m\u00e1te k dispoz\u00edcii ten spr\u00e1vny Chip Maxx pre va\u0161e pou\u017eitie.<\/p>\n","protected":false},"excerpt":{"rendered":"<p>Magnetick\u00e1 ty\u010d na odstra\u0148ovanie\/odde\u013eovanie magnetick\u00fdch \u010dast\u00ed<\/p>\n","protected":false},"featured_media":3833,"comment_status":"closed","ping_status":"closed","template":"","meta":{"_acf_changed":false},"product_brand":[],"product_cat":[1183,1758],"product_tag":[],"class_list":{"0":"post-18832","1":"product","2":"type-product","3":"status-publish","4":"has-post-thumbnail","6":"product_cat-chip-maxx-a-magneticka-metla","7":"product_cat-silni-pomocnici","9":"first","10":"instock","11":"purchasable","12":"product-type-variable"},"acf":[],"_links":{"self":[{"href":"https:\/\/hamma-uwt.de\/sk\/wp-json\/wp\/v2\/product\/18832","targetHints":{"allow":["GET"]}}],"collection":[{"href":"https:\/\/hamma-uwt.de\/sk\/wp-json\/wp\/v2\/product"}],"about":[{"href":"https:\/\/hamma-uwt.de\/sk\/wp-json\/wp\/v2\/types\/product"}],"replies":[{"embeddable":true,"href":"https:\/\/hamma-uwt.de\/sk\/wp-json\/wp\/v2\/comments?post=18832"}],"wp:featuredmedia":[{"embeddable":true,"href":"https:\/\/hamma-uwt.de\/sk\/wp-json\/wp\/v2\/media\/3833"}],"wp:attachment":[{"href":"https:\/\/hamma-uwt.de\/sk\/wp-json\/wp\/v2\/media?parent=18832"}],"wp:term":[{"taxonomy":"product_brand","embeddable":true,"href":"https:\/\/hamma-uwt.de\/sk\/wp-json\/wp\/v2\/product_brand?post=18832"},{"taxonomy":"product_cat","embeddable":true,"href":"https:\/\/hamma-uwt.de\/sk\/wp-json\/wp\/v2\/product_cat?post=18832"},{"taxonomy":"product_tag","embeddable":true,"href":"https:\/\/hamma-uwt.de\/sk\/wp-json\/wp\/v2\/product_tag?post=18832"}],"curies":[{"name":"wp","href":"https:\/\/api.w.org\/{rel}","templated":true}]}}