{"id":18892,"date":"2025-07-14T11:22:19","date_gmt":"2025-07-14T09:22:19","guid":{"rendered":"https:\/\/hamma-uwt.de\/produkt\/vozik-na-sudy\/"},"modified":"2025-07-14T11:22:19","modified_gmt":"2025-07-14T09:22:19","slug":"vozik-na-sudy","status":"publish","type":"product","link":"https:\/\/hamma-uwt.de\/sk\/produkt\/vozik-na-sudy\/","title":{"rendered":"Voz\u00edk na sudy"},"content":{"rendered":"<p>V\u010faka bubnov\u00e9mu voz\u00edku je plnenie strojov ve\u013emi r\u00fdchle, jednoduch\u00e9 a flexibiln\u00e9. Chladiaci bubon s mazivom a mie\u0161acou technikou m\u00f4\u017eete v kr\u00e1tkom \u010dase presun\u00fa\u0165 priamo k stroju<br \/>\na pohodlne ho naplni\u0165 priamo na mieste. Ka\u017ed\u00fd bubnov\u00fd voz\u00edk m\u00e1 hladko sa pohybuj\u00face kolieska, bezpe\u010dn\u00fd dr\u017eiak bubna a kapacitu 220 litrov, aby bola va\u0161a cesta k stroju jednoduch\u00e1 a bezpe\u010dn\u00e1.  <\/p>\n<p>Do bubnov\u00e9ho voz\u00edka sa zmest\u00ed zariadenie Misceo3 (vr\u00e1tane bat\u00e9rie), dva bubny na hadicu a bubon na k\u00e1bel.<\/p>\n<p>Va\u0161e v\u00fdhody:<\/p>\n<ul>\n<li>Jednoduch\u00e9 premiest\u0148ovanie v\u010faka hladko sa pohybuj\u00facim kolieskam<\/li>\n<li>Vysokokvalitn\u00e1 a robustn\u00e1 kon\u0161trukcia<\/li>\n<li>Integrovan\u00e1 odkvapk\u00e1vacia miska<\/li>\n<li>Jednoduch\u00e9 \u010distenie<\/li>\n<li>Ide\u00e1lne prisp\u00f4soben\u00e9 v\u00e1\u0161mu zariadeniu Misceo<\/li>\n<li>Mnoho praktick\u00fdch mo\u017enost\u00ed<\/li>\n<\/ul>\n","protected":false},"excerpt":{"rendered":"<p>(manu\u00e1l) \u010dierna s odkvapk\u00e1vacou miskou, bezpe\u010dnostn\u00fdm p\u00e1som bubna a dr\u017eiakom pre MISCEO 3<\/p>\n","protected":false},"featured_media":2029,"comment_status":"closed","ping_status":"closed","template":"","meta":{"_acf_changed":false},"product_brand":[],"product_cat":[1100],"product_tag":[],"class_list":{"0":"post-18892","1":"product","2":"type-product","3":"status-publish","4":"has-post-thumbnail","6":"product_cat-vozik-na-sudy","8":"first","9":"instock","10":"purchasable","11":"product-type-simple"},"acf":[],"_links":{"self":[{"href":"https:\/\/hamma-uwt.de\/sk\/wp-json\/wp\/v2\/product\/18892","targetHints":{"allow":["GET"]}}],"collection":[{"href":"https:\/\/hamma-uwt.de\/sk\/wp-json\/wp\/v2\/product"}],"about":[{"href":"https:\/\/hamma-uwt.de\/sk\/wp-json\/wp\/v2\/types\/product"}],"replies":[{"embeddable":true,"href":"https:\/\/hamma-uwt.de\/sk\/wp-json\/wp\/v2\/comments?post=18892"}],"wp:featuredmedia":[{"embeddable":true,"href":"https:\/\/hamma-uwt.de\/sk\/wp-json\/wp\/v2\/media\/2029"}],"wp:attachment":[{"href":"https:\/\/hamma-uwt.de\/sk\/wp-json\/wp\/v2\/media?parent=18892"}],"wp:term":[{"taxonomy":"product_brand","embeddable":true,"href":"https:\/\/hamma-uwt.de\/sk\/wp-json\/wp\/v2\/product_brand?post=18892"},{"taxonomy":"product_cat","embeddable":true,"href":"https:\/\/hamma-uwt.de\/sk\/wp-json\/wp\/v2\/product_cat?post=18892"},{"taxonomy":"product_tag","embeddable":true,"href":"https:\/\/hamma-uwt.de\/sk\/wp-json\/wp\/v2\/product_tag?post=18892"}],"curies":[{"name":"wp","href":"https:\/\/api.w.org\/{rel}","templated":true}]}}