{"id":18917,"date":"2025-07-14T11:22:24","date_gmt":"2025-07-14T09:22:24","guid":{"rendered":"https:\/\/hamma-uwt.de\/produkt\/system-starostlivosti-maly\/"},"modified":"2026-03-16T15:52:14","modified_gmt":"2026-03-16T14:52:14","slug":"system-starostlivosti-maly","status":"publish","type":"product","link":"https:\/\/hamma-uwt.de\/sk\/produkt\/system-starostlivosti-maly\/","title":{"rendered":"Syst\u00e9m starostlivosti mal\u00fd"},"content":{"rendered":"<p>Bezstarostn\u00fd bal\u00edk \u010dist\u00e9ho a \u00fa\u010dinn\u00e9ho chladiaceho maziva pre mal\u00e9 a\u017e stredne ve\u013ek\u00e9 stroje sa \u013eahko in\u0161taluje a obsluhuje a z\u00e1rove\u0148 je vysoko \u00fa\u010dinn\u00fd z h\u013eadiska v\u00fdkonu.<\/p>\n<p>R\u00fdchle odpudzova\u010de oleja a mikroperl\u00e1tory udr\u017euj\u00fa kvalitu chladiaceho maziva po\u010das podstatne dlh\u0161ieho obdobia. V\u00fdsledkom s\u00fa vy\u0161\u0161ie rezn\u00e9 r\u00fdchlosti a dlh\u0161ia \u017eivotnos\u0165 va\u0161ich n\u00e1strojov a strojov: \u017eijete zdrav\u0161ie, r\u00fdchlo dosahujete ve\u013ek\u00e9 \u00faspory a ste u\u0161etren\u00ed nepr\u00edjemn\u00fdch z\u00e1pachov. <\/p>\n<p>Mikro prevzdu\u0161\u0148ova\u010d Mikro zabezpe\u010duje dostato\u010dn\u00fd pr\u00edsun kysl\u00edka pomocou mal\u00fdch vzduchov\u00fdch bubliniek. Hygienick\u00e9 vlastnosti m\u00e9dia sa v\u00fdrazne zlep\u0161uj\u00fa. Suspendovan\u00e9 \u010dastice s\u00fa vyn\u00e1\u0161an\u00e9 na povrch a m\u00f4\u017eu by\u0165 odstr\u00e1nen\u00e9 pomocou odlu\u010dova\u010da oleja Rapid. Po\u010das f\u00e1zy \u00fadr\u017eby v\u00e1\u0161ho chladiaceho maziva odstra\u0148uje odpudzova\u010d oleja Rapid ne\u017eiaduce pl\u00e1vaj\u00face oleje, v\u00e1penat\u00e9 mydl\u00e1 a suspendovan\u00e9 l\u00e1tky. V\u00fdkonnos\u0165 v\u00e1\u0161ho chladiaceho maziva sa zvy\u0161uje a vy vyr\u00e1bate bezpe\u010dnej\u0161ie, r\u00fdchlej\u0161ie a lep\u0161ie.    <\/p>\n","protected":false},"excerpt":{"rendered":"<p>Bez dr\u017eiaka, pre n\u00e1doby<sup>s plochou<\/sup> do 2 m2 \/ objemom do 1000 litrov<\/p>\n","protected":false},"featured_media":23360,"comment_status":"closed","ping_status":"closed","template":"","meta":{"_acf_changed":false},"product_brand":[],"product_cat":[1175],"product_tag":[],"class_list":{"0":"post-18917","1":"product","2":"type-product","3":"status-publish","4":"has-post-thumbnail","6":"product_cat-biobalance","8":"first","9":"instock","10":"purchasable","11":"product-type-simple"},"acf":[],"_links":{"self":[{"href":"https:\/\/hamma-uwt.de\/sk\/wp-json\/wp\/v2\/product\/18917","targetHints":{"allow":["GET"]}}],"collection":[{"href":"https:\/\/hamma-uwt.de\/sk\/wp-json\/wp\/v2\/product"}],"about":[{"href":"https:\/\/hamma-uwt.de\/sk\/wp-json\/wp\/v2\/types\/product"}],"replies":[{"embeddable":true,"href":"https:\/\/hamma-uwt.de\/sk\/wp-json\/wp\/v2\/comments?post=18917"}],"wp:featuredmedia":[{"embeddable":true,"href":"https:\/\/hamma-uwt.de\/sk\/wp-json\/wp\/v2\/media\/23360"}],"wp:attachment":[{"href":"https:\/\/hamma-uwt.de\/sk\/wp-json\/wp\/v2\/media?parent=18917"}],"wp:term":[{"taxonomy":"product_brand","embeddable":true,"href":"https:\/\/hamma-uwt.de\/sk\/wp-json\/wp\/v2\/product_brand?post=18917"},{"taxonomy":"product_cat","embeddable":true,"href":"https:\/\/hamma-uwt.de\/sk\/wp-json\/wp\/v2\/product_cat?post=18917"},{"taxonomy":"product_tag","embeddable":true,"href":"https:\/\/hamma-uwt.de\/sk\/wp-json\/wp\/v2\/product_tag?post=18917"}],"curies":[{"name":"wp","href":"https:\/\/api.w.org\/{rel}","templated":true}]}}